{"id":932,"date":"2025-02-10T20:35:41","date_gmt":"2025-02-10T19:35:41","guid":{"rendered":"https:\/\/sarvaz.ch\/allgemeine-geschaeftsbedingungen\/"},"modified":"2025-03-06T17:12:46","modified_gmt":"2025-03-06T16:12:46","slug":"allgemeine-geschaeftsbedingungen","status":"publish","type":"page","link":"https:\/\/sarvaz.ch\/de\/allgemeine-geschaeftsbedingungen\/","title":{"rendered":"Allgemeine Gesch\u00e4ftsbedingungen"},"content":{"rendered":"<p>[et_pb_section fb_built=&#8220;1&#8243; theme_builder_area=&#8220;post_content&#8220; _builder_version=&#8220;4.27.4&#8243; _module_preset=&#8220;default&#8220;][et_pb_row _builder_version=&#8220;4.27.4&#8243; _module_preset=&#8220;default&#8220; theme_builder_area=&#8220;post_content&#8220;][et_pb_column _builder_version=&#8220;4.27.4&#8243; _module_preset=&#8220;default&#8220; type=&#8220;4_4&#8243; theme_builder_area=&#8220;post_content&#8220;][et_pb_text _builder_version=&#8220;4.27.4&#8243; _module_preset=&#8220;default&#8220; theme_builder_area=&#8220;post_content&#8220; hover_enabled=&#8220;0&#8243; sticky_enabled=&#8220;0&#8243;]<\/p>\n<h2 class=\"p2\"><span class=\"s1\"> <\/span><b>Allgemeine Bedingungen f\u00fcr den Bauch  <\/b><b><\/b><\/h2>\n<h4 class=\"p2\"><b>1. Umfang  <\/b><b><\/b><\/h4>\n<p class=\"p2\">Diese Bedingungen gelten f\u00fcr alle Rechtsbeziehungen zwischen dem Kunden und dem Relais de la Sarvaz SA, Saillon.<\/p>\n<h3 class=\"p2\"><b>2. Abschluss des Vertrags  <\/b><b><\/b><\/h3>\n<p class=\"p2\">Mit dem Erhalt einer schriftlichen, telefonischen, elektronischen oder m\u00fcndlichen Buchungsbest\u00e4tigung und der Aush\u00e4ndigung einer Buchungsbest\u00e4tigung kommt ein Vertrag zwischen dem Kunden und der Einrichtung zustande. Die vorliegenden Allgemeinen Gesch\u00e4ftsbedingungen sind Bestandteil einer Buchung. Mitteilungen per E-Mail gelten als schriftlich. Wenn Sie um eine Anzahlung gebeten wurden und die Zahlung nicht innerhalb der gesetzten Frist erfolgt, kann das Relais de la Sarvaz \u00fcber den reservierten Platz verf\u00fcgen. Eine Buchungsbest\u00e4tigung kann bei Ihrer Ankunft verlangt werden.    <\/p>\n<h4 class=\"p2\"><b>a. Buchung durch Jugendliche   <\/b><b><\/b><\/h4>\n<p class=\"p2\">Jugendliche zwischen 16 und 18 Jahren, die eine Reservierung vornehmen, m\u00fcssen bei ihrer Ankunft eine schriftliche Genehmigung ihres gesetzlichen Vertreters f\u00fcr ihren Aufenthalt vorlegen. Ohne diese Genehmigung ist die Relais de la Sarvaz SA berechtigt, das von dem Jugendlichen gebuchte Objekt ohne Entsch\u00e4digung an einen Dritten zu vermieten. Wir behalten uns das Recht vor, die Buchung zu akzeptieren oder abzulehnen.  <\/p>\n<h3 class=\"p2\"><b>3. Spezieller Wunsch f\u00fcr eine Unterkunft oder einen Stellplatz  <\/b><b><\/b><\/h3>\n<p class=\"p2\">Ein Sonderwunsch f\u00fcr eine Unterkunft oder einen Stellplatz wird nach M\u00f6glichkeit erf\u00fcllt. Der Campingplatz beh\u00e4lt sich jedoch das Recht vor, die Nummer einer Unterkunft oder eines Stellplatzes jederzeit zu \u00e4ndern und einen gleichwertigen Stellplatz zuzuweisen. Eine eventuelle \u00c4nderung des Platzes berechtigt nicht zu einem Preisnachlass oder einer R\u00fcckerstattung.  <\/p>\n<h3 class=\"p2\"><b>4. Mindestaufenthaltsdauer  <\/b><b><\/b><\/h3>\n<p class=\"p2\"><b><\/b><\/p>\n<p class=\"p2\"><b>MIETUNTERK\u00dcNFTE  <\/b><b><\/b><\/p>\n<p class=\"p2\"><b>a. Zimmer <\/b>Ostern, Himmelfahrt, Pfingsten, Eidgen\u00f6ssisches Fasten und Kastanienfest: Aufenthalt von mindestens 3 N\u00e4chten.<\/p>\n<p class=\"p2\"><b>b. Schlafs\u00e4le <\/b>Keine Mindestaufenthaltsdauer<\/p>\n<p class=\"p2\"><b>c. Chalets zur Vermietung:   <\/b><b><\/b><\/p>\n<p class=\"p2\">a. Juli und August: Mindestaufenthalt von 7 N\u00e4chten <\/p>\n<p class=\"p2\">b. Ostern, Himmelfahrt, Pfingsten, Eidgen\u00f6ssisches Fasten und das Kastanienfest: Aufenthalt von mindestens 3 N\u00e4chten Relais de la Sarvaz SA Route de Fully 100 1913 Saillon <\/p>\n<p class=\"p2\"><b>CAMPING  <\/b><b><\/b><\/p>\n<p class=\"p2\">a. Zelt-, Classic- und Luxus-Stellpl\u00e4tze: keine Mindestaufenthaltsdauer <\/p>\n<p class=\"p2\">b. Komfort- und Premium-Stellpl\u00e4tze: Mindestaufenthaltsdauer: 2 N\u00e4chte <\/p>\n<h3 class=\"p2\">5. Check-in | Check-out<\/h3>\n<p class=\"p2\"><b><\/b><\/p>\n<p class=\"p2\"><b>MIETUNTERK\u00dcNFTE  <\/b><b><\/b><\/p>\n<p class=\"p2\"><b>a. Zimmer   <\/b><b><\/b><\/p>\n<p class=\"p2\">Sofern nicht anders vereinbart, stehen die Zimmer ab 14.00 Uhr des Anreisetages zur Verf\u00fcgung. Die Zimmer m\u00fcssen vom Gast bis sp\u00e4testens 11.00 Uhr am vereinbarten Abreisetag ger\u00e4umt werden. Bei versp\u00e4teter Abreise kann die Unterkunft bis zu 50% des \u00dcbernachtungspreises in Rechnung stellen. Bei einer versp\u00e4teten Abreise von mehr als zwei Stunden kann die Unterkunft 100% des \u00dcbernachtungspreises in Rechnung stellen.   <\/p>\n<p class=\"p2\"><b>b. Schlafs\u00e4le   <\/b><b><\/b><\/p>\n<p class=\"p2\">Sofern nicht anders vereinbart, stehen die Schlafs\u00e4le ab 14.00 Uhr am Ankunftstag zur Verf\u00fcgung. Sie m\u00fcssen vom Gast bis sp\u00e4testens 11.00 Uhr am vereinbarten Abreisetag ger\u00e4umt werden. Die Bettw\u00e4sche muss abgezogen und auf den Boden gelegt werden. Die Zimmer und Gemeinschaftsr\u00e4ume m\u00fcssen aufger\u00e4umt sein und alle Besch\u00e4digungen oder Br\u00fcche m\u00fcssen am Tag der Ankunft an der Rezeption gemeldet werden. Bei versp\u00e4teter Abreise kann die Unterkunft bis zu 50% des \u00dcbernachtungspreises in Rechnung stellen. Bei einer versp\u00e4teten Abreise von mehr als zwei Stunden kann die Unterkunft 100% des \u00dcbernachtungspreises in Rechnung stellen.     <\/p>\n<p class=\"p2\"><b>c. Chalets zur Vermietung   <\/b><b><\/b><\/p>\n<p class=\"p2\">Sofern nicht anders vereinbart, stehen die Mietchalets am Anreisetag ab 14.00 Uhr zur Verf\u00fcgung (Juli und August: 16.00 Uhr). Sie m\u00fcssen vom Kunden bis sp\u00e4testens 10.00 Uhr am vereinbarten Abreisetag ger\u00e4umt werden. Bei Ihrer Abreise bitten wir Sie, das Chalet aufzur\u00e4umen, das Geschirr zu sp\u00fclen und wegzur\u00e4umen, den M\u00fcllsack zu entleeren und in den daf\u00fcr vorgesehenen Container am Eingang des Campingplatzes zu werfen. Alle Besch\u00e4digungen oder Br\u00fcche m\u00fcssen der Rezeption am Tag der Ankunft mitgeteilt werden. Bei einer versp\u00e4teten Abreise bis zu zwei Stunden kann die Einrichtung bis zu 50 % der \u00dcbernachtungskosten berechnen. Bei einer versp\u00e4teten Abreise von mehr als zwei Stunden kann die Unterkunft 100% des \u00dcbernachtungspreises in Rechnung stellen. Relais de la Sarvaz SA Route de Fully 100 1913 Saillon       <\/p>\n<p class=\"p2\"><b>CAMPING  <\/b><b><\/b><\/p>\n<p class=\"p2\"><b>a. Zeltpl\u00e4tze, klassische und luxuri\u00f6se Pl\u00e4tze   <\/b><b><\/b><\/p>\n<p class=\"p2\">Sofern nicht anders vereinbart, stehen die Zeltpl\u00e4tze, klassischen Pl\u00e4tze und Luxuspl\u00e4tze ab 14.00 Uhr des Anreisetages zur Verf\u00fcgung. Sie m\u00fcssen vom Kunden bis sp\u00e4testens 12.00 Uhr am vereinbarten Abreisetag ger\u00e4umt werden. Bei einer versp\u00e4teten Abreise bis zu zwei Stunden kann die Unterkunft bis zu 50 % des \u00dcbernachtungspreises in Rechnung stellen. Bei einer versp\u00e4teten Abreise von mehr als zwei Stunden kann die Unterkunft 100 % des \u00dcbernachtungspreises in Rechnung stellen.   <\/p>\n<p class=\"p2\"><b>b. Komfort- und Premiumpl\u00e4tze   <\/b><b><\/b><\/p>\n<p class=\"p2\">Sofern nicht anders vereinbart, stehen die Komfort- und Premiumpl\u00e4tze ab 15.00 Uhr des Anreisetages zur Verf\u00fcgung. Sie m\u00fcssen vom Kunden bis sp\u00e4testens 10.00 Uhr am vereinbarten Abreisetag ger\u00e4umt werden. Bei einer versp\u00e4teten Abreise bis zu zwei Stunden kann die Unterkunft bis zu 50 % der \u00dcbernachtungskosten in Rechnung stellen. Bei einer versp\u00e4teten Abreise von mehr als zwei Stunden kann die Unterkunft 100 % des \u00dcbernachtungspreises in Rechnung stellen.   <\/p>\n<h3 class=\"p2\"><b>6. Vorauszahlung \/ Kaution  <\/b><b><\/b><\/h3>\n<p class=\"p2\">Die Unterkunft ist bei Vertragsabschluss berechtigt, vom Gast eine Vorauszahlung oder eine Kaution zu verlangen, z.B. in Form einer Kreditkartengarantie oder in bar bei Ihrer Ankunft. Die H\u00f6he der Vorauszahlung und die Zahlungstermine werden im Vertrag schriftlich vereinbart. <\/p>\n<p class=\"p2\">Das Haus ist auch berechtigt, zu Beginn und w\u00e4hrend des Aufenthaltes vom Gast eine Vorauszahlung f\u00fcr bestehende und zuk\u00fcnftige Forderungen aus dem Vertrag zu verlangen. Folgende Zahlungsarten werden akzeptiert: Bargeld in CHF oder EURO, Maestro, Postcard, Visa, Mastercard sowie Reka-Schecks. <\/p>\n<p class=\"p2\">Bei Zahlung auf Rechnung ist der gesamte Rechnungsbetrag 10 Tage nach Rechnungsdatum f\u00e4llig, sofern nicht anders vereinbart. Bei Zahlungsverzug kostet jede Mahnung CHF 20.00. <\/p>\n<h3 class=\"p2\"><b>7. Endabrechnung \/ Rechnung f\u00fcr den Aufenthalt  <\/b><b><\/b><\/h3>\n<p class=\"p2\">Der Kunde verpflichtet sich, die Endabrechnung bei seiner Ankunft zu begleichen.<\/p>\n<h3 class=\"p2\"><b>8. Versp\u00e4tete Ankunft, versp\u00e4tete Ankunft oder Nichterscheinen  <\/b><b><\/b><\/h3>\n<p class=\"p2\">Bitte informieren Sie uns, wenn Sie an einem anderen als dem im Vertrag vereinbarten Tag anreisen. Wenn Sie nicht innerhalb von 24 Stunden nach dem vereinbarten Ankunftsdatum ankommen, wird die Buchung als storniert betrachtet. In diesem Fall werden bereits gezahlte Betr\u00e4ge nicht zur\u00fcckerstattet. Relais de la Sarvaz SA Route de Fully 100 1913 Saillon   <\/p>\n<h3 class=\"p2\"><b>9. Vorzeitige Abreise  <\/b><b><\/b><\/h3>\n<p class=\"p2\">Im Falle einer vorzeitigen Abreise ist der Betrag f\u00fcr die gesamte Dauer des gebuchten Aufenthalts zu zahlen.<\/p>\n<h3 class=\"p2\"><b>10. Preise und Erm\u00e4\u00dfigungen  <\/b><b><\/b><\/h3>\n<p class=\"p2\">Wir verfolgen einen dynamischen Preisansatz, der sich je nach Angebot und Nachfrage ver\u00e4ndert. Um den individuellen Preis f\u00fcr Ihren zuk\u00fcnftigen Urlaub zu erfahren, besuchen Sie bitte unsere Website http:\/\/www.sarvaz.ch oder wenden Sie sich an einen unserer Mitarbeiter. Es werden keine Rabattkarten akzeptiert.  <\/p>\n<h3 class=\"p2\"><b>11. Stornierung  <\/b><b><\/b><\/h3>\n<p class=\"p2\">Die Stornierung Ihrer Buchung muss schriftlich bei uns eingehen. F\u00fcr die Berechnung der Stornierungskosten ist der Tag ma\u00dfgeblich, an dem Ihre schriftliche Stornierung beim Campingplatz eingeht.  Bei einer Stornierung werden die folgenden Geb\u00fchren erhoben:<\/p>\n<p class=\"p2\"><b>MIETUNTERK\u00dcNFTE  <\/b><b><\/b><\/p>\n<p class=\"p2\">a. Bis zu 10 Tage vor dem Ankunftsdatum: CHF 0<\/p>\n<p class=\"p2\">b. Zwischen 10 und 7 Tagen vor dem Ankunftsdatum: 50% des Gesamtbetrages<\/p>\n<p class=\"p2\">c. ab 6 Tage vor dem Ankunftsdatum: 100% des Gesamtbetrages<\/p>\n<p class=\"p2\">Wenn die gebuchte Unterkunft zu den in Ihrer Buchung vorgesehenen Terminen weitervermietet werden konnte, erstatten wir Ihnen den gezahlten Betrag.<\/p>\n<p class=\"p2\"><b>CAMPING  <\/b><b><\/b><\/p>\n<p class=\"p2\">a. Bis zu 3 Tage vor dem Ankunftsdatum: CHF 0<\/p>\n<p class=\"p2\">b. Bis zu 2 Tage vor dem Ankunftsdatum: 50 % des Gesamtbetrages<\/p>\n<p class=\"p2\">c. ab 1 Tag vor dem Ankunftsdatum: 100% des Gesamtbetrages<\/p>\n<p class=\"p2\">Wenn der gebuchte Stellplatz zu den in Ihrer Buchung vorgesehenen Terminen weitervermietet werden konnte, erstatten wir Ihnen den gezahlten Betrag. Relais de la Sarvaz SA Route de Fully 100 1913 Saillon<\/p>\n<h3 class=\"p2\"><b>12. Haustiere  <\/b><b><\/b><\/h3>\n<p class=\"p2\"><b>MIETUNTERK\u00dcNFTE  <\/b><b><\/b><\/p>\n<p class=\"p2\">Sie sind in den Mietunterk\u00fcnften wie Zimmern, Schlafs\u00e4len und Chalets nicht erlaubt.<\/p>\n<p class=\"p2\"><b>CAMPING  <\/b><b><\/b><\/p>\n<p class=\"p2\">Haustiere sind auf dem Campingplatz und auf den Stellpl\u00e4tzen erlaubt. Die Eigent\u00fcmer m\u00fcssen jedoch daf\u00fcr sorgen, dass sie andere Camper nicht bel\u00e4stigen und den Campingplatz und die Infrastruktur nicht verschmutzen. Haustiere sind in den Sanit\u00e4ranlagen und im Schwimmbad nicht erlaubt. Es ist verboten, Tiere unbeaufsichtigt oder eingesperrt in Wohnwagen, Wohnmobilen oder Zelten auf dem Campingplatz zu lassen. Hunde und Katzen m\u00fcssen auf den Stellpl\u00e4tzen und auf dem gesamten Campingplatz immer an der Leine gehalten werden. Taschen f\u00fcr diese Bed\u00fcrfnisse sind an mehreren Stellen auf dem Campingplatz erh\u00e4ltlich.<\/p>\n<h3 class=\"p2\"><b>13. Campingplatzordnung  <\/b><b><\/b><\/h3>\n<p class=\"p2\">Um den Aufenthalt f\u00fcr alle G\u00e4ste so angenehm wie m\u00f6glich zu gestalten, gibt es eine Campingplatzordnung, in der die wichtigsten Regeln, die es einzuhalten gilt, aufgef\u00fchrt sind.<\/p>\n<h3 class=\"p2\"><b>14. Verantwortung des Kunden  <\/b><b><\/b><\/h3>\n<p class=\"p2\">Die G\u00e4ste haften f\u00fcr alle Sch\u00e4den oder Diebst\u00e4hle, die von ihnen, den minderj\u00e4hrigen Personen, die unter ihrer Verantwortung stehen, verursacht werden.<\/p>\n<p class=\"p2\">Im Wallis werden M\u00fclls\u00e4cke besteuert. Sie sind im Gesch\u00e4ft zum Preis von CHF 0.95\/17L erh\u00e4ltlich. Glas, PET und Metall sind in den Sortierk\u00e4sten zu entsorgen. Bitte respektieren Sie die Umwelt und trennen Sie Ihren Abfall.<\/p>\n<h3 class=\"p2\"><b>15. Datenschutz  <\/b><b><\/b><\/h3>\n<p class=\"p2\">Die Einrichtung verpflichtet sich, bei der Verarbeitung aller Kundendaten und der Nutzungsdaten der Kunden die geltenden Datenschutzgesetze einzuhalten. Die Daten der Kunden werden nur zur Maximierung der Betriebssicherheit verwendet. Die Nutzung des Internets durch die G\u00e4ste in der Einrichtung erfolgt auf eigenes Risiko. Die Einrichtung \u00fcbernimmt keine Garantie f\u00fcr die Sicherheit, Verf\u00fcgbarkeit und Funktionalit\u00e4t der Hardware und Software der Einrichtung. Die Bereitstellung des Internetsignals in der Einrichtung ist nicht Teil des Preises f\u00fcr die Unterkunft oder den Stellplatz - die Einrichtung stellt diese Dienstleistung freiwillig und kostenlos zur Verf\u00fcgung - daher hat der Gast keinen Anspruch auf eine permanente Internetverbindung. Weitere Informationen finden Sie im Dokument &#8222;Datenschutzerkl\u00e4rung&#8220;, das auf unserer Website oder auf Anfrage erh\u00e4ltlich ist. Relais de la Sarvaz SA Route de Fully 100 1913 Saillon<\/p>\n<h3 class=\"p2\"><b>16. Unbezahlte Rechnungen  <\/b><b><\/b><\/h3>\n<p class=\"p2\">Wir weisen Sie darauf hin, dass die Nichtzahlung von Leistungen eine strafbare Handlung gegen das Verm\u00f6gen darstellt (Betrug).<\/p>\n<h3 class=\"p2\"><b>17. Anwendbares Recht und Gerichtsstand  <\/b><b><\/b><\/h3>\n<p class=\"p2\">Auf alle Vertr\u00e4ge, die unter diesen AGB mit der Einrichtung geschlossen werden, findet ausschlie\u00dflich das Schweizer Recht Anwendung. Die Parteien vereinbaren, dass der ausschlie\u00dfliche Gerichtsstand Saillon, Schweiz, ist.<\/p>\n<h3 class=\"p2\"><b>18. G\u00fcltigkeit  <\/b><b><\/b><\/h3>\n<p class=\"p2\">G\u00fcltig ab dem 1. Januar 2024<\/p>\n<p>[\/et_pb_text][\/et_pb_column][\/et_pb_row][\/et_pb_section]<\/p>\n","protected":false},"excerpt":{"rendered":"<p>Allgemeine Bedingungen f\u00fcr den Bauch 1. Umfang Diese Bedingungen gelten f\u00fcr alle Rechtsbeziehungen zwischen dem Kunden und dem Relais de la Sarvaz SA, Saillon. 2. Abschluss des Vertrags Mit dem Erhalt einer schriftlichen, telefonischen, elektronischen oder m\u00fcndlichen Buchungsbest\u00e4tigung und der Aush\u00e4ndigung einer Buchungsbest\u00e4tigung kommt ein Vertrag zwischen dem Kunden und der Einrichtung zustande. Die vorliegenden [&hellip;]<\/p>\n","protected":false},"author":1,"featured_media":0,"parent":0,"menu_order":0,"comment_status":"closed","ping_status":"closed","template":"","meta":{"_et_pb_use_builder":"on","_et_pb_old_content":"","_et_gb_content_width":"","footnotes":""},"dipi_cpt_category":[],"class_list":["post-932","page","type-page","status-publish","hentry"],"yoast_head":"<!-- This site is optimized with the Yoast SEO plugin v27.4 - https:\/\/yoast.com\/product\/yoast-seo-wordpress\/ -->\n<title>Allgemeine Gesch\u00e4ftsbedingungen - Relais de la Sarvaz<\/title>\n<meta name=\"robots\" content=\"index, follow, max-snippet:-1, max-image-preview:large, max-video-preview:-1\" \/>\n<link rel=\"canonical\" href=\"https:\/\/sarvaz.ch\/de\/allgemeine-geschaeftsbedingungen\/\" \/>\n<meta property=\"og:locale\" content=\"de_DE\" \/>\n<meta property=\"og:type\" content=\"article\" \/>\n<meta property=\"og:title\" content=\"Allgemeine Gesch\u00e4ftsbedingungen - Relais de la Sarvaz\" \/>\n<meta property=\"og:description\" content=\"Allgemeine Bedingungen f\u00fcr den Bauch 1. Umfang Diese Bedingungen gelten f\u00fcr alle Rechtsbeziehungen zwischen dem Kunden und dem Relais de la Sarvaz SA, Saillon. 2. Abschluss des Vertrags Mit dem Erhalt einer schriftlichen, telefonischen, elektronischen oder m\u00fcndlichen Buchungsbest\u00e4tigung und der Aush\u00e4ndigung einer Buchungsbest\u00e4tigung kommt ein Vertrag zwischen dem Kunden und der Einrichtung zustande. Die vorliegenden [&hellip;]\" \/>\n<meta property=\"og:url\" content=\"https:\/\/sarvaz.ch\/de\/allgemeine-geschaeftsbedingungen\/\" \/>\n<meta property=\"og:site_name\" content=\"Relais de la Sarvaz\" \/>\n<meta property=\"article:publisher\" content=\"https:\/\/www.facebook.com\/relaisdelasarvaz\" \/>\n<meta property=\"article:modified_time\" content=\"2025-03-06T16:12:46+00:00\" \/>\n<meta name=\"twitter:card\" content=\"summary_large_image\" \/>\n<meta name=\"twitter:label1\" content=\"Gesch\u00e4tzte Lesezeit\" \/>\n\t<meta name=\"twitter:data1\" content=\"8 Minuten\" \/>\n<script type=\"application\/ld+json\" class=\"yoast-schema-graph\">{\"@context\":\"https:\\\/\\\/schema.org\",\"@graph\":[{\"@type\":\"WebPage\",\"@id\":\"https:\\\/\\\/sarvaz.ch\\\/de\\\/allgemeine-geschaeftsbedingungen\\\/\",\"url\":\"https:\\\/\\\/sarvaz.ch\\\/de\\\/allgemeine-geschaeftsbedingungen\\\/\",\"name\":\"Allgemeine Gesch\u00e4ftsbedingungen - Relais de la Sarvaz\",\"isPartOf\":{\"@id\":\"https:\\\/\\\/sarvaz.ch\\\/de\\\/#website\"},\"datePublished\":\"2025-02-10T19:35:41+00:00\",\"dateModified\":\"2025-03-06T16:12:46+00:00\",\"breadcrumb\":{\"@id\":\"https:\\\/\\\/sarvaz.ch\\\/de\\\/allgemeine-geschaeftsbedingungen\\\/#breadcrumb\"},\"inLanguage\":\"de\",\"potentialAction\":[{\"@type\":\"ReadAction\",\"target\":[\"https:\\\/\\\/sarvaz.ch\\\/de\\\/allgemeine-geschaeftsbedingungen\\\/\"]}]},{\"@type\":\"BreadcrumbList\",\"@id\":\"https:\\\/\\\/sarvaz.ch\\\/de\\\/allgemeine-geschaeftsbedingungen\\\/#breadcrumb\",\"itemListElement\":[{\"@type\":\"ListItem\",\"position\":1,\"name\":\"Accueil\",\"item\":\"https:\\\/\\\/sarvaz.ch\\\/de\\\/startseite\\\/\"},{\"@type\":\"ListItem\",\"position\":2,\"name\":\"Allgemeine Gesch\u00e4ftsbedingungen\"}]},{\"@type\":\"WebSite\",\"@id\":\"https:\\\/\\\/sarvaz.ch\\\/de\\\/#website\",\"url\":\"https:\\\/\\\/sarvaz.ch\\\/de\\\/\",\"name\":\"Relais de la Sarvaz\",\"description\":\"\",\"publisher\":{\"@id\":\"https:\\\/\\\/sarvaz.ch\\\/de\\\/#organization\"},\"potentialAction\":[{\"@type\":\"SearchAction\",\"target\":{\"@type\":\"EntryPoint\",\"urlTemplate\":\"https:\\\/\\\/sarvaz.ch\\\/de\\\/?s={search_term_string}\"},\"query-input\":{\"@type\":\"PropertyValueSpecification\",\"valueRequired\":true,\"valueName\":\"search_term_string\"}}],\"inLanguage\":\"de\"},{\"@type\":\"Organization\",\"@id\":\"https:\\\/\\\/sarvaz.ch\\\/de\\\/#organization\",\"name\":\"Relais de la Sarvaz\",\"url\":\"https:\\\/\\\/sarvaz.ch\\\/de\\\/\",\"logo\":{\"@type\":\"ImageObject\",\"inLanguage\":\"de\",\"@id\":\"https:\\\/\\\/sarvaz.ch\\\/de\\\/#\\\/schema\\\/logo\\\/image\\\/\",\"url\":\"https:\\\/\\\/sarvaz.intherface.ch\\\/wp-content\\\/uploads\\\/2025\\\/01\\\/logo-Sarvaz-noir.png\",\"contentUrl\":\"https:\\\/\\\/sarvaz.intherface.ch\\\/wp-content\\\/uploads\\\/2025\\\/01\\\/logo-Sarvaz-noir.png\",\"width\":595,\"height\":440,\"caption\":\"Relais de la Sarvaz\"},\"image\":{\"@id\":\"https:\\\/\\\/sarvaz.ch\\\/de\\\/#\\\/schema\\\/logo\\\/image\\\/\"},\"sameAs\":[\"https:\\\/\\\/www.facebook.com\\\/relaisdelasarvaz\",\"https:\\\/\\\/www.instagram.com\\\/relaisdelasarvaz\\\/\"]}]}<\/script>\n<!-- \/ Yoast SEO plugin. -->","yoast_head_json":{"title":"Allgemeine Gesch\u00e4ftsbedingungen - Relais de la Sarvaz","robots":{"index":"index","follow":"follow","max-snippet":"max-snippet:-1","max-image-preview":"max-image-preview:large","max-video-preview":"max-video-preview:-1"},"canonical":"https:\/\/sarvaz.ch\/de\/allgemeine-geschaeftsbedingungen\/","og_locale":"de_DE","og_type":"article","og_title":"Allgemeine Gesch\u00e4ftsbedingungen - Relais de la Sarvaz","og_description":"Allgemeine Bedingungen f\u00fcr den Bauch 1. Umfang Diese Bedingungen gelten f\u00fcr alle Rechtsbeziehungen zwischen dem Kunden und dem Relais de la Sarvaz SA, Saillon. 2. Abschluss des Vertrags Mit dem Erhalt einer schriftlichen, telefonischen, elektronischen oder m\u00fcndlichen Buchungsbest\u00e4tigung und der Aush\u00e4ndigung einer Buchungsbest\u00e4tigung kommt ein Vertrag zwischen dem Kunden und der Einrichtung zustande. Die vorliegenden [&hellip;]","og_url":"https:\/\/sarvaz.ch\/de\/allgemeine-geschaeftsbedingungen\/","og_site_name":"Relais de la Sarvaz","article_publisher":"https:\/\/www.facebook.com\/relaisdelasarvaz","article_modified_time":"2025-03-06T16:12:46+00:00","twitter_card":"summary_large_image","twitter_misc":{"Gesch\u00e4tzte Lesezeit":"8 Minuten"},"schema":{"@context":"https:\/\/schema.org","@graph":[{"@type":"WebPage","@id":"https:\/\/sarvaz.ch\/de\/allgemeine-geschaeftsbedingungen\/","url":"https:\/\/sarvaz.ch\/de\/allgemeine-geschaeftsbedingungen\/","name":"Allgemeine Gesch\u00e4ftsbedingungen - Relais de la Sarvaz","isPartOf":{"@id":"https:\/\/sarvaz.ch\/de\/#website"},"datePublished":"2025-02-10T19:35:41+00:00","dateModified":"2025-03-06T16:12:46+00:00","breadcrumb":{"@id":"https:\/\/sarvaz.ch\/de\/allgemeine-geschaeftsbedingungen\/#breadcrumb"},"inLanguage":"de","potentialAction":[{"@type":"ReadAction","target":["https:\/\/sarvaz.ch\/de\/allgemeine-geschaeftsbedingungen\/"]}]},{"@type":"BreadcrumbList","@id":"https:\/\/sarvaz.ch\/de\/allgemeine-geschaeftsbedingungen\/#breadcrumb","itemListElement":[{"@type":"ListItem","position":1,"name":"Accueil","item":"https:\/\/sarvaz.ch\/de\/startseite\/"},{"@type":"ListItem","position":2,"name":"Allgemeine Gesch\u00e4ftsbedingungen"}]},{"@type":"WebSite","@id":"https:\/\/sarvaz.ch\/de\/#website","url":"https:\/\/sarvaz.ch\/de\/","name":"Relais de la Sarvaz","description":"","publisher":{"@id":"https:\/\/sarvaz.ch\/de\/#organization"},"potentialAction":[{"@type":"SearchAction","target":{"@type":"EntryPoint","urlTemplate":"https:\/\/sarvaz.ch\/de\/?s={search_term_string}"},"query-input":{"@type":"PropertyValueSpecification","valueRequired":true,"valueName":"search_term_string"}}],"inLanguage":"de"},{"@type":"Organization","@id":"https:\/\/sarvaz.ch\/de\/#organization","name":"Relais de la Sarvaz","url":"https:\/\/sarvaz.ch\/de\/","logo":{"@type":"ImageObject","inLanguage":"de","@id":"https:\/\/sarvaz.ch\/de\/#\/schema\/logo\/image\/","url":"https:\/\/sarvaz.intherface.ch\/wp-content\/uploads\/2025\/01\/logo-Sarvaz-noir.png","contentUrl":"https:\/\/sarvaz.intherface.ch\/wp-content\/uploads\/2025\/01\/logo-Sarvaz-noir.png","width":595,"height":440,"caption":"Relais de la Sarvaz"},"image":{"@id":"https:\/\/sarvaz.ch\/de\/#\/schema\/logo\/image\/"},"sameAs":["https:\/\/www.facebook.com\/relaisdelasarvaz","https:\/\/www.instagram.com\/relaisdelasarvaz\/"]}]}},"_links":{"self":[{"href":"https:\/\/sarvaz.ch\/de\/wp-json\/wp\/v2\/pages\/932","targetHints":{"allow":["GET"]}}],"collection":[{"href":"https:\/\/sarvaz.ch\/de\/wp-json\/wp\/v2\/pages"}],"about":[{"href":"https:\/\/sarvaz.ch\/de\/wp-json\/wp\/v2\/types\/page"}],"author":[{"embeddable":true,"href":"https:\/\/sarvaz.ch\/de\/wp-json\/wp\/v2\/users\/1"}],"replies":[{"embeddable":true,"href":"https:\/\/sarvaz.ch\/de\/wp-json\/wp\/v2\/comments?post=932"}],"version-history":[{"count":1,"href":"https:\/\/sarvaz.ch\/de\/wp-json\/wp\/v2\/pages\/932\/revisions"}],"predecessor-version":[{"id":944,"href":"https:\/\/sarvaz.ch\/de\/wp-json\/wp\/v2\/pages\/932\/revisions\/944"}],"wp:attachment":[{"href":"https:\/\/sarvaz.ch\/de\/wp-json\/wp\/v2\/media?parent=932"}],"wp:term":[{"taxonomy":"dipi_cpt_category","embeddable":true,"href":"https:\/\/sarvaz.ch\/de\/wp-json\/wp\/v2\/dipi_cpt_category?post=932"}],"curies":[{"name":"wp","href":"https:\/\/api.w.org\/{rel}","templated":true}]}}